{"id":2388,"date":"2024-12-07T14:26:39","date_gmt":"2024-12-07T14:26:39","guid":{"rendered":"https:\/\/mingdeng.fr\/?page_id=2388"},"modified":"2025-02-09T16:58:56","modified_gmt":"2025-02-09T16:58:56","slug":"a-propos-de-nous","status":"publish","type":"page","link":"https:\/\/mingdeng.fr\/fr\/a-propos-de-nous\/","title":{"rendered":"\u00c0 propos de nous"},"content":{"rendered":"\t\t<div data-elementor-type=\"wp-page\" data-elementor-id=\"2388\" class=\"elementor elementor-2388\" data-elementor-settings=\"{&quot;ha_cmc_init_switcher&quot;:&quot;no&quot;}\" data-elementor-post-type=\"page\">\n\t\t\t\t<div data-ha-partstyle=\"nasa\" data-ha-partcolor=\"\" data-ha-partopacity=\"0.4\" data-ha-partdirection=\"bottom\" class=\"elementor-element elementor-element-190a17e ha-particle-yes e-flex e-con-boxed ha-particle-adv-no e-con e-parent\" data-id=\"190a17e\" data-element_type=\"container\" data-e-type=\"container\" data-settings=\"{&quot;background_background&quot;:&quot;classic&quot;,&quot;position&quot;:&quot;fixed&quot;,&quot;_ha_eqh_enable&quot;:false}\">\n\t\t\t\t\t<div class=\"e-con-inner\">\n\t\t\t\t\t<\/div>\n\t\t\t\t<\/div>\n\t\t<div class=\"elementor-element elementor-element-6f64dc7 e-flex e-con-boxed e-con e-parent\" data-id=\"6f64dc7\" data-element_type=\"container\" data-e-type=\"container\" data-settings=\"{&quot;background_background&quot;:&quot;classic&quot;,&quot;_ha_eqh_enable&quot;:false}\">\n\t\t\t\t\t<div class=\"e-con-inner\">\n\t\t<div class=\"elementor-element elementor-element-2fe64dd e-con-full e-flex e-con e-child\" data-id=\"2fe64dd\" data-element_type=\"container\" data-e-type=\"container\" data-settings=\"{&quot;_ha_eqh_enable&quot;:false}\">\n\t\t\t\t<div class=\"elementor-element elementor-element-37132d6 elementor-widget elementor-widget-image\" data-id=\"37132d6\" data-element_type=\"widget\" data-e-type=\"widget\" data-widget_type=\"image.default\">\n\t\t\t\t\t\t\t\t\t\t\t\t\t\t\t<img fetchpriority=\"high\" decoding=\"async\" width=\"800\" height=\"222\" src=\"https:\/\/mingdeng.fr\/wp-content\/uploads\/2022\/10\/mingdeng-logo-1024x284.png\" class=\"attachment-large size-large wp-image-17\" alt=\"\" srcset=\"https:\/\/mingdeng.fr\/wp-content\/uploads\/2022\/10\/mingdeng-logo-1024x284.png 1024w, https:\/\/mingdeng.fr\/wp-content\/uploads\/2022\/10\/mingdeng-logo-600x166.png 600w, https:\/\/mingdeng.fr\/wp-content\/uploads\/2022\/10\/mingdeng-logo-300x83.png 300w, https:\/\/mingdeng.fr\/wp-content\/uploads\/2022\/10\/mingdeng-logo-768x213.png 768w, https:\/\/mingdeng.fr\/wp-content\/uploads\/2022\/10\/mingdeng-logo-18x5.png 18w, https:\/\/mingdeng.fr\/wp-content\/uploads\/2022\/10\/mingdeng-logo.png 1300w\" sizes=\"(max-width: 800px) 100vw, 800px\" \/>\t\t\t\t\t\t\t\t\t\t\t\t\t\t\t<\/div>\n\t\t\t\t<\/div>\n\t\t<div class=\"elementor-element elementor-element-4ad9aa6 e-con-full e-flex e-con e-child\" data-id=\"4ad9aa6\" data-element_type=\"container\" data-e-type=\"container\" data-settings=\"{&quot;_ha_eqh_enable&quot;:false}\">\n\t\t<div class=\"elementor-element elementor-element-c1733d4 e-con-full e-flex e-con e-child\" data-id=\"c1733d4\" data-element_type=\"container\" data-e-type=\"container\" data-settings=\"{&quot;_ha_eqh_enable&quot;:false}\">\n\t\t\t\t<div class=\"elementor-element elementor-element-0ab0368 elementor-widget elementor-widget-text-editor\" data-id=\"0ab0368\" data-element_type=\"widget\" data-e-type=\"widget\" data-widget_type=\"text-editor.default\">\n\t\t\t\t\t\t\t\t\t<p>L\u2019histoire de Mingdeng a commenc\u00e9 il y a plus de trente ans, motiv\u00e9e par la mission d\u2019optimiser les op\u00e9rations a\u00e9roportuaires gr\u00e2ce \u00e0 une maintenance fiable des \u00e9quipements de soutien au sol (GSE). Gr\u00e2ce \u00e0 une base fond\u00e9e sur l\u2019expertise et le d\u00e9vouement, Mingdeng est devenu un partenaire de confiance dans l\u2019industrie a\u00e9ronautique, offrant des solutions innovantes et un service in\u00e9gal\u00e9 \u00e0 des clients du monde entier<\/p>\t\t\t\t\t\t\t\t<\/div>\n\t\t\t\t<\/div>\n\t\t<div class=\"elementor-element elementor-element-3cd9def e-con-full e-flex e-con e-child\" data-id=\"3cd9def\" data-element_type=\"container\" data-e-type=\"container\" data-settings=\"{&quot;_ha_eqh_enable&quot;:false}\">\n\t\t\t\t<\/div>\n\t\t\t\t<\/div>\n\t\t\t\t\t<\/div>\n\t\t\t\t<\/div>\n\t\t<div class=\"elementor-element elementor-element-3677d2d e-flex e-con-boxed e-con e-parent\" data-id=\"3677d2d\" data-element_type=\"container\" data-e-type=\"container\" data-settings=\"{&quot;_ha_eqh_enable&quot;:false}\">\n\t\t\t\t\t<div class=\"e-con-inner\">\n\t\t\t\t\t<\/div>\n\t\t\t\t<\/div>\n\t\t<div class=\"elementor-element elementor-element-8d69afb e-flex e-con-boxed e-con e-parent\" data-id=\"8d69afb\" data-element_type=\"container\" data-e-type=\"container\" data-settings=\"{&quot;background_background&quot;:&quot;classic&quot;,&quot;_ha_eqh_enable&quot;:false}\">\n\t\t\t\t\t<div class=\"e-con-inner\">\n\t\t<div class=\"elementor-element elementor-element-4831163 e-con-full e-flex e-con e-child\" data-id=\"4831163\" data-element_type=\"container\" data-e-type=\"container\" data-settings=\"{&quot;_ha_eqh_enable&quot;:false}\">\n\t\t\t\t<div class=\"elementor-element elementor-element-b946cf2 elementor-widget elementor-widget-text-editor\" data-id=\"b946cf2\" data-element_type=\"widget\" data-e-type=\"widget\" data-widget_type=\"text-editor.default\">\n\t\t\t\t\t\t\t\t\t<p>Excellence dans le soutien a\u00e9roportuaire<\/p>\t\t\t\t\t\t\t\t<\/div>\n\t\t\t\t<\/div>\n\t\t<div class=\"elementor-element elementor-element-cd643a8 e-con-full e-flex e-con e-child\" data-id=\"cd643a8\" data-element_type=\"container\" data-e-type=\"container\" data-settings=\"{&quot;_ha_eqh_enable&quot;:false}\">\n\t\t\t\t<div class=\"elementor-element elementor-element-5880f65 elementor-widget elementor-widget-text-editor\" data-id=\"5880f65\" data-element_type=\"widget\" data-e-type=\"widget\" data-widget_type=\"text-editor.default\">\n\t\t\t\t\t\t\t\t\t<p>Dans le monde moderne d\u2019aujourd\u2019hui, l\u2019\u00e9quipement de soutien au sol (GSE) joue un r\u00f4le important dans la remise en \u00e9tat, la r\u00e9cup\u00e9ration et la maintenance de l\u2019avion (A\u00e9ronef). Le bon \u00e9tat de votre GSE vous aidera \u00e0 g\u00e9n\u00e9rer une remise en \u00e9tat rapide, une r\u00e9cup\u00e9ration rapide et assurer une maintenance fiable sur vos avions (A\u00e9ronef) pour r\u00e9duire les temps d\u2019arr\u00eats (temps d\u2019immobilisation) et g\u00e9n\u00e9rer plus de profits.<\/p>\t\t\t\t\t\t\t\t<\/div>\n\t\t\t\t<\/div>\n\t\t<div class=\"elementor-element elementor-element-34cfd0e e-con-full e-flex e-con e-child\" data-id=\"34cfd0e\" data-element_type=\"container\" data-e-type=\"container\" data-settings=\"{&quot;_ha_eqh_enable&quot;:false}\">\n\t\t\t\t<div class=\"elementor-element elementor-element-b06902e elementor-widget elementor-widget-text-editor\" data-id=\"b06902e\" data-element_type=\"widget\" data-e-type=\"widget\" data-widget_type=\"text-editor.default\">\n\t\t\t\t\t\t\t\t\t<p>Notre vision est de fournir \u00e0 nos clients des services de maintenance et de r\u00e9paration d\u2019\u00e9quipements de hautes qualit\u00e9s, fiables, rentables, et adapt\u00e9s aux besoins des clients pour \u00e9viter les temps d\u2019arr\u00eat co\u00fbteux.<br \/>Nous nous soucions des atouts de nos clients et nous nous engageons \u00e0 r\u00e9duire les temps d\u2019arr\u00eat de l\u2019\u00e9quipement.\u200b<\/p>\t\t\t\t\t\t\t\t<\/div>\n\t\t\t\t<\/div>\n\t\t\t\t\t<\/div>\n\t\t\t\t<\/div>\n\t\t\t\t<\/div>\n\t\t","protected":false},"excerpt":{"rendered":"<p>L\u2019histoire de Mingdeng a commenc\u00e9 il y a plus de trente ans, motiv\u00e9e par la mission d\u2019optimiser les op\u00e9rations a\u00e9roportuaires gr\u00e2ce \u00e0 une maintenance fiable des \u00e9quipements de soutien au sol (GSE). Gr\u00e2ce \u00e0 une base fond\u00e9e sur l\u2019expertise et le d\u00e9vouement, Mingdeng est devenu un partenaire de confiance dans l\u2019industrie a\u00e9ronautique, offrant des solutions [&hellip;]<\/p>\n","protected":false},"author":1,"featured_media":0,"parent":0,"menu_order":0,"comment_status":"closed","ping_status":"closed","template":"elementor_header_footer","meta":{"_acf_changed":false,"footnotes":""},"class_list":["post-2388","page","type-page","status-publish","hentry"],"acf":[],"_links":{"self":[{"href":"https:\/\/mingdeng.fr\/fr\/wp-json\/wp\/v2\/pages\/2388","targetHints":{"allow":["GET"]}}],"collection":[{"href":"https:\/\/mingdeng.fr\/fr\/wp-json\/wp\/v2\/pages"}],"about":[{"href":"https:\/\/mingdeng.fr\/fr\/wp-json\/wp\/v2\/types\/page"}],"author":[{"embeddable":true,"href":"https:\/\/mingdeng.fr\/fr\/wp-json\/wp\/v2\/users\/1"}],"replies":[{"embeddable":true,"href":"https:\/\/mingdeng.fr\/fr\/wp-json\/wp\/v2\/comments?post=2388"}],"version-history":[{"count":47,"href":"https:\/\/mingdeng.fr\/fr\/wp-json\/wp\/v2\/pages\/2388\/revisions"}],"predecessor-version":[{"id":2681,"href":"https:\/\/mingdeng.fr\/fr\/wp-json\/wp\/v2\/pages\/2388\/revisions\/2681"}],"wp:attachment":[{"href":"https:\/\/mingdeng.fr\/fr\/wp-json\/wp\/v2\/media?parent=2388"}],"curies":[{"name":"wp","href":"https:\/\/api.w.org\/{rel}","templated":true}]}}